{"id":169,"date":"2020-08-19T08:46:05","date_gmt":"2020-08-19T08:46:05","guid":{"rendered":"https:\/\/domingopintor.com\/?page_id=169"},"modified":"2025-02-23T17:31:46","modified_gmt":"2025-02-23T16:31:46","slug":"contacte","status":"publish","type":"page","link":"https:\/\/domingopintor.com\/es\/contacte\/","title":{"rendered":"Contacto"},"content":{"rendered":"<div data-elementor-type=\"wp-page\" data-elementor-id=\"169\" class=\"elementor elementor-169\">\n\t\t\t\t<div class=\"elementor-element elementor-element-b203d46 e-flex e-con-boxed e-con e-parent\" data-id=\"b203d46\" data-element_type=\"container\" data-e-type=\"container\" data-settings=\"{&quot;background_background&quot;:&quot;classic&quot;}\">\n\t\t\t\t\t<div class=\"e-con-inner\">\n\t\t\t\t<div class=\"elementor-element elementor-element-9da63cf elementor-widget elementor-widget-spacer\" data-id=\"9da63cf\" data-element_type=\"widget\" data-e-type=\"widget\" data-widget_type=\"spacer.default\">\n\t\t\t\t<div class=\"elementor-widget-container\">\n\t\t\t\t\t\t\t<div class=\"elementor-spacer\">\n\t\t\t<div class=\"elementor-spacer-inner\"><\/div>\n\t\t<\/div>\n\t\t\t\t\t\t<\/div>\n\t\t\t\t<\/div>\n\t\t\t\t\t<\/div>\n\t\t\t\t<\/div>\n\t\t<div class=\"elementor-element elementor-element-033be17 e-flex e-con-boxed e-con e-parent\" data-id=\"033be17\" data-element_type=\"container\" data-e-type=\"container\">\n\t\t\t\t\t<div class=\"e-con-inner\">\n\t\t<div class=\"elementor-element elementor-element-0836ae7 e-con-full e-flex e-con e-child\" data-id=\"0836ae7\" data-element_type=\"container\" data-e-type=\"container\">\n\t\t\t\t<div class=\"elementor-element elementor-element-5fbefe6 elementor-widget elementor-widget-heading\" data-id=\"5fbefe6\" data-element_type=\"widget\" data-e-type=\"widget\" data-widget_type=\"heading.default\">\n\t\t\t\t<div class=\"elementor-widget-container\">\n\t\t\t\t\t<h2 class=\"elementor-heading-title elementor-size-default\">\u00a1Ponte en Contacto con Nosotros!<\/h2>\t\t\t\t<\/div>\n\t\t\t\t<\/div>\n\t\t\t\t<div class=\"elementor-element elementor-element-5583cd0 elementor-widget elementor-widget-text-editor\" data-id=\"5583cd0\" data-element_type=\"widget\" data-e-type=\"widget\" data-widget_type=\"text-editor.default\">\n\t\t\t\t<div class=\"elementor-widget-container\">\n\t\t\t\t\t\t\t\t\t<p>Oferim servei a la zona del Maresme, Barcelona i voltants. Poseu-vos en contacte amb nosaltres per obtenir un pressupost o per a qualsevol consulta. En cas de voler un pressupost, programarem una visita al seu espai per poder fer una estimaci\u00f3 m\u00e9s detallada.<\/p>\t\t\t\t\t\t\t\t<\/div>\n\t\t\t\t<\/div>\n\t\t<div class=\"elementor-element elementor-element-ef0ae79 e-flex e-con-boxed e-con e-child\" data-id=\"ef0ae79\" data-element_type=\"container\" data-e-type=\"container\">\n\t\t\t\t\t<div class=\"e-con-inner\">\n\t\t\t\t<div class=\"elementor-element elementor-element-e0f1e69 elementor-position-inline-start elementor-view-stacked elementor-widget__width-initial elementor-widget-mobile__width-inherit elementor-shape-circle elementor-mobile-position-block-start elementor-widget elementor-widget-icon-box\" data-id=\"e0f1e69\" data-element_type=\"widget\" data-e-type=\"widget\" data-widget_type=\"icon-box.default\">\n\t\t\t\t<div class=\"elementor-widget-container\">\n\t\t\t\t\t\t\t<div class=\"elementor-icon-box-wrapper\">\n\n\t\t\t\t\t\t<div class=\"elementor-icon-box-icon\">\n\t\t\t\t<span  class=\"elementor-icon\">\n\t\t\t\t<svg aria-hidden=\"true\" class=\"e-font-icon-svg e-fas-phone\" viewbox=\"0 0 512 512\" xmlns=\"http:\/\/www.w3.org\/2000\/svg\"><path d=\"M493.4 24.6l-104-24c-11.3-2.6-22.9 3.3-27.5 13.9l-48 112c-4.2 9.8-1.4 21.3 6.9 28l60.6 49.6c-36 76.7-98.9 140.5-177.2 177.2l-49.6-60.6c-6.8-8.3-18.2-11.1-28-6.9l-112 48C3.9 366.5-2 378.1.6 389.4l24 104C27.1 504.2 36.7 512 48 512c256.1 0 464-207.5 464-464 0-11.2-7.7-20.9-18.6-23.4z\"><\/path><\/svg>\t\t\t\t<\/span>\n\t\t\t<\/div>\n\t\t\t\n\t\t\t\t\t\t<div class=\"elementor-icon-box-content\">\n\n\t\t\t\t\t\t\t\t\t<h5 class=\"elementor-icon-box-title\">\n\t\t\t\t\t\t<span  >\n\t\t\t\t\t\t\tLl\u00e1manos\t\t\t\t\t\t<\/span>\n\t\t\t\t\t<\/h5>\n\t\t\t\t\n\t\t\t\t\t\t\t\t\t<p class=\"elementor-icon-box-description\">\n\t\t\t\t\t\t+(34) 607 85 02 41\t\t\t\t\t<\/p>\n\t\t\t\t\n\t\t\t<\/div>\n\t\t\t\n\t\t<\/div>\n\t\t\t\t\t\t<\/div>\n\t\t\t\t<\/div>\n\t\t\t\t<div class=\"elementor-element elementor-element-d818d61 elementor-position-inline-start elementor-view-stacked elementor-widget__width-initial elementor-widget-mobile__width-inherit elementor-shape-circle elementor-mobile-position-block-start elementor-widget elementor-widget-icon-box\" data-id=\"d818d61\" data-element_type=\"widget\" data-e-type=\"widget\" data-widget_type=\"icon-box.default\">\n\t\t\t\t<div class=\"elementor-widget-container\">\n\t\t\t\t\t\t\t<div class=\"elementor-icon-box-wrapper\">\n\n\t\t\t\t\t\t<div class=\"elementor-icon-box-icon\">\n\t\t\t\t<span  class=\"elementor-icon\">\n\t\t\t\t<svg aria-hidden=\"true\" class=\"e-font-icon-svg e-fas-envelope\" viewbox=\"0 0 512 512\" xmlns=\"http:\/\/www.w3.org\/2000\/svg\"><path d=\"M502.3 190.8c3.9-3.1 9.7-.2 9.7 4.7V400c0 26.5-21.5 48-48 48H48c-26.5 0-48-21.5-48-48V195.6c0-5 5.7-7.8 9.7-4.7 22.4 17.4 52.1 39.5 154.1 113.6 21.1 15.4 56.7 47.8 92.2 47.6 35.7.3 72-32.8 92.3-47.6 102-74.1 131.6-96.3 154-113.7zM256 320c23.2.4 56.6-29.2 73.4-41.4 132.7-96.3 142.8-104.7 173.4-128.7 5.8-4.5 9.2-11.5 9.2-18.9v-19c0-26.5-21.5-48-48-48H48C21.5 64 0 85.5 0 112v19c0 7.4 3.4 14.3 9.2 18.9 30.6 23.9 40.7 32.4 173.4 128.7 16.8 12.2 50.2 41.8 73.4 41.4z\"><\/path><\/svg>\t\t\t\t<\/span>\n\t\t\t<\/div>\n\t\t\t\n\t\t\t\t\t\t<div class=\"elementor-icon-box-content\">\n\n\t\t\t\t\t\t\t\t\t<h5 class=\"elementor-icon-box-title\">\n\t\t\t\t\t\t<span  >\n\t\t\t\t\t\t\tCorreo electr\u00f3nico\t\t\t\t\t\t<\/span>\n\t\t\t\t\t<\/h5>\n\t\t\t\t\n\t\t\t\t\t\t\t\t\t<p class=\"elementor-icon-box-description\">\n\t\t\t\t\t\tdomingopintor@gmail.com\t\t\t\t\t<\/p>\n\t\t\t\t\n\t\t\t<\/div>\n\t\t\t\n\t\t<\/div>\n\t\t\t\t\t\t<\/div>\n\t\t\t\t<\/div>\n\t\t\t\t\t<\/div>\n\t\t\t\t<\/div>\n\t\t\t\t<\/div>\n\t\t<div class=\"elementor-element elementor-element-c79b494 e-con-full e-flex e-con e-child\" data-id=\"c79b494\" data-element_type=\"container\" data-e-type=\"container\" data-settings=\"{&quot;background_background&quot;:&quot;classic&quot;}\">\n\t\t\t\t<div class=\"elementor-element elementor-element-740fd9a elementor-widget elementor-widget-image\" data-id=\"740fd9a\" data-element_type=\"widget\" data-e-type=\"widget\" data-widget_type=\"image.default\">\n\t\t\t\t<div class=\"elementor-widget-container\">\n\t\t\t\t\t\t\t\t\t\t\t\t\t\t\t<img fetchpriority=\"high\" decoding=\"async\" width=\"1024\" height=\"401\" src=\"https:\/\/domingopintor.com\/wp-content\/uploads\/2020\/08\/roofing-service-residential-1024x401.jpg\" class=\"attachment-large size-large wp-image-155\" alt=\"\" srcset=\"https:\/\/domingopintor.com\/wp-content\/uploads\/2020\/08\/roofing-service-residential-1024x401.jpg 1024w, https:\/\/domingopintor.com\/wp-content\/uploads\/2020\/08\/roofing-service-residential-300x118.jpg 300w, https:\/\/domingopintor.com\/wp-content\/uploads\/2020\/08\/roofing-service-residential-768x301.jpg 768w, https:\/\/domingopintor.com\/wp-content\/uploads\/2020\/08\/roofing-service-residential.jpg 1200w\" sizes=\"(max-width: 1024px) 100vw, 1024px\" \/>\t\t\t\t\t\t\t\t\t\t\t\t\t\t\t<\/div>\n\t\t\t\t<\/div>\n\t\t\t\t<div class=\"elementor-element elementor-element-4d1477e elementor-widget elementor-widget-image\" data-id=\"4d1477e\" data-element_type=\"widget\" data-e-type=\"widget\" data-widget_type=\"image.default\">\n\t\t\t\t<div class=\"elementor-widget-container\">\n\t\t\t\t\t\t\t\t\t\t\t\t\t\t\t<img decoding=\"async\" width=\"1024\" height=\"414\" src=\"https:\/\/domingopintor.com\/wp-content\/uploads\/2023\/12\/Untitled-design-60-e1703431132469-1024x414.png\" class=\"attachment-large size-large wp-image-993\" alt=\"\" srcset=\"https:\/\/domingopintor.com\/wp-content\/uploads\/2023\/12\/Untitled-design-60-e1703431132469-1024x414.png 1024w, https:\/\/domingopintor.com\/wp-content\/uploads\/2023\/12\/Untitled-design-60-e1703431132469-300x121.png 300w, https:\/\/domingopintor.com\/wp-content\/uploads\/2023\/12\/Untitled-design-60-e1703431132469-768x311.png 768w, https:\/\/domingopintor.com\/wp-content\/uploads\/2023\/12\/Untitled-design-60-e1703431132469.png 1280w\" sizes=\"(max-width: 1024px) 100vw, 1024px\" \/>\t\t\t\t\t\t\t\t\t\t\t\t\t\t\t<\/div>\n\t\t\t\t<\/div>\n\t\t\t\t<\/div>\n\t\t\t\t\t<\/div>\n\t\t\t\t<\/div>\n\t\t\t\t<\/div>","protected":false},"excerpt":{"rendered":"<p>Possa&#8217;t en Contacte amb Nosaltres! Oferim servei a la zona del Maresme, Barcelona i voltants. Poseu-vos en contacte amb nosaltres per obtenir un pressupost o per a qualsevol consulta. En cas de voler un pressupost, programarem una visita al seu espai per poder fer una estimaci\u00f3 m\u00e9s detallada. Truca&#8217;ns +(34) 607 85 02 41 Correu &hellip;<\/p>\n<p class=\"read-more\"> <a class=\"\" href=\"https:\/\/domingopintor.com\/es\/contacte\/\"> <span class=\"screen-reader-text\">Contacto<\/span> Leer m\u00e1s &raquo;<\/a><\/p>","protected":false},"author":1,"featured_media":0,"parent":0,"menu_order":0,"comment_status":"closed","ping_status":"closed","template":"","meta":{"site-sidebar-layout":"no-sidebar","site-content-layout":"page-builder","ast-site-content-layout":"","site-content-style":"default","site-sidebar-style":"default","ast-global-header-display":"","ast-banner-title-visibility":"","ast-main-header-display":"","ast-hfb-above-header-display":"","ast-hfb-below-header-display":"","ast-hfb-mobile-header-display":"","site-post-title":"disabled","ast-breadcrumbs-content":"","ast-featured-img":"disabled","footer-sml-layout":"","theme-transparent-header-meta":"enabled","adv-header-id-meta":"","stick-header-meta":"","header-above-stick-meta":"","header-main-stick-meta":"","header-below-stick-meta":"","astra-migrate-meta-layouts":"default","ast-page-background-enabled":"default","ast-page-background-meta":{"desktop":{"background-color":"","background-image":"","background-repeat":"repeat","background-position":"center center","background-size":"auto","background-attachment":"scroll","background-type":"","background-media":"","overlay-type":"","overlay-color":"","overlay-gradient":""},"tablet":{"background-color":"","background-image":"","background-repeat":"repeat","background-position":"center center","background-size":"auto","background-attachment":"scroll","background-type":"","background-media":"","overlay-type":"","overlay-color":"","overlay-gradient":""},"mobile":{"background-color":"","background-image":"","background-repeat":"repeat","background-position":"center center","background-size":"auto","background-attachment":"scroll","background-type":"","background-media":"","overlay-type":"","overlay-color":"","overlay-gradient":""}},"ast-content-background-meta":{"desktop":{"background-color":"var(--ast-global-color-5)","background-image":"","background-repeat":"repeat","background-position":"center center","background-size":"auto","background-attachment":"scroll","background-type":"","background-media":"","overlay-type":"","overlay-color":"","overlay-gradient":""},"tablet":{"background-color":"var(--ast-global-color-5)","background-image":"","background-repeat":"repeat","background-position":"center center","background-size":"auto","background-attachment":"scroll","background-type":"","background-media":"","overlay-type":"","overlay-color":"","overlay-gradient":""},"mobile":{"background-color":"var(--ast-global-color-5)","background-image":"","background-repeat":"repeat","background-position":"center center","background-size":"auto","background-attachment":"scroll","background-type":"","background-media":"","overlay-type":"","overlay-color":"","overlay-gradient":""}},"footnotes":""},"class_list":["post-169","page","type-page","status-publish","hentry"],"yoast_head":"<!-- This site is optimized with the Yoast SEO plugin v27.3 - https:\/\/yoast.com\/product\/yoast-seo-wordpress\/ -->\n<title>Contacte | Domingo Pintors<\/title>\n<meta name=\"robots\" content=\"index, follow, max-snippet:-1, max-image-preview:large, max-video-preview:-1\" \/>\n<link rel=\"canonical\" href=\"https:\/\/domingopintor.com\/es\/contacte\/\" \/>\n<meta property=\"og:locale\" content=\"es_ES\" \/>\n<meta property=\"og:type\" content=\"article\" \/>\n<meta property=\"og:title\" content=\"Contacte | Domingo Pintors\" \/>\n<meta property=\"og:description\" content=\"Possa&#8217;t en Contacte amb Nosaltres! Oferim servei a la zona del Maresme, Barcelona i voltants. Poseu-vos en contacte amb nosaltres per obtenir un pressupost o per a qualsevol consulta. En cas de voler un pressupost, programarem una visita al seu espai per poder fer una estimaci\u00f3 m\u00e9s detallada. Truca&#8217;ns +(34) 607 85 02 41 Correu &hellip; Contacte Leer m\u00e1s &raquo;\" \/>\n<meta property=\"og:url\" content=\"https:\/\/domingopintor.com\/es\/contacte\/\" \/>\n<meta property=\"og:site_name\" content=\"Domingo Pintors\" \/>\n<meta property=\"article:modified_time\" content=\"2025-02-23T16:31:46+00:00\" \/>\n<meta property=\"og:image\" content=\"http:\/\/domingopintor.com\/wp-content\/uploads\/2020\/08\/roofing-service-residential-1024x401.jpg\" \/>\n<meta name=\"twitter:card\" content=\"summary_large_image\" \/>\n<meta name=\"twitter:label1\" content=\"Tiempo de lectura\" \/>\n\t<meta name=\"twitter:data1\" content=\"1 minuto\" \/>\n<script type=\"application\/ld+json\" class=\"yoast-schema-graph\">{\"@context\":\"https:\\\/\\\/schema.org\",\"@graph\":[{\"@type\":\"WebPage\",\"@id\":\"https:\\\/\\\/domingopintor.com\\\/contacte\\\/\",\"url\":\"https:\\\/\\\/domingopintor.com\\\/contacte\\\/\",\"name\":\"Contacte | Domingo Pintors\",\"isPartOf\":{\"@id\":\"https:\\\/\\\/domingopintor.com\\\/#website\"},\"primaryImageOfPage\":{\"@id\":\"https:\\\/\\\/domingopintor.com\\\/contacte\\\/#primaryimage\"},\"image\":{\"@id\":\"https:\\\/\\\/domingopintor.com\\\/contacte\\\/#primaryimage\"},\"thumbnailUrl\":\"http:\\\/\\\/domingopintor.com\\\/wp-content\\\/uploads\\\/2020\\\/08\\\/roofing-service-residential-1024x401.jpg\",\"datePublished\":\"2020-08-19T08:46:05+00:00\",\"dateModified\":\"2025-02-23T16:31:46+00:00\",\"breadcrumb\":{\"@id\":\"https:\\\/\\\/domingopintor.com\\\/contacte\\\/#breadcrumb\"},\"inLanguage\":\"es\",\"potentialAction\":[{\"@type\":\"ReadAction\",\"target\":[\"https:\\\/\\\/domingopintor.com\\\/contacte\\\/\"]}]},{\"@type\":\"ImageObject\",\"inLanguage\":\"es\",\"@id\":\"https:\\\/\\\/domingopintor.com\\\/contacte\\\/#primaryimage\",\"url\":\"http:\\\/\\\/domingopintor.com\\\/wp-content\\\/uploads\\\/2020\\\/08\\\/roofing-service-residential-1024x401.jpg\",\"contentUrl\":\"http:\\\/\\\/domingopintor.com\\\/wp-content\\\/uploads\\\/2020\\\/08\\\/roofing-service-residential-1024x401.jpg\"},{\"@type\":\"BreadcrumbList\",\"@id\":\"https:\\\/\\\/domingopintor.com\\\/contacte\\\/#breadcrumb\",\"itemListElement\":[{\"@type\":\"ListItem\",\"position\":1,\"name\":\"Portada\",\"item\":\"https:\\\/\\\/domingopintor.com\\\/\"},{\"@type\":\"ListItem\",\"position\":2,\"name\":\"Contacte\"}]},{\"@type\":\"WebSite\",\"@id\":\"https:\\\/\\\/domingopintor.com\\\/#website\",\"url\":\"https:\\\/\\\/domingopintor.com\\\/\",\"name\":\"Domingo Pintors\",\"description\":\"Pintors des de 1903\",\"publisher\":{\"@id\":\"https:\\\/\\\/domingopintor.com\\\/#organization\"},\"potentialAction\":[{\"@type\":\"SearchAction\",\"target\":{\"@type\":\"EntryPoint\",\"urlTemplate\":\"https:\\\/\\\/domingopintor.com\\\/?s={search_term_string}\"},\"query-input\":{\"@type\":\"PropertyValueSpecification\",\"valueRequired\":true,\"valueName\":\"search_term_string\"}}],\"inLanguage\":\"es\"},{\"@type\":\"Organization\",\"@id\":\"https:\\\/\\\/domingopintor.com\\\/#organization\",\"name\":\"Domingo Pintors\",\"url\":\"https:\\\/\\\/domingopintor.com\\\/\",\"logo\":{\"@type\":\"ImageObject\",\"inLanguage\":\"es\",\"@id\":\"https:\\\/\\\/domingopintor.com\\\/#\\\/schema\\\/logo\\\/image\\\/\",\"url\":\"https:\\\/\\\/domingopintor.com\\\/wp-content\\\/uploads\\\/2024\\\/04\\\/cropped-image-removebg-preview-7.png\",\"contentUrl\":\"https:\\\/\\\/domingopintor.com\\\/wp-content\\\/uploads\\\/2024\\\/04\\\/cropped-image-removebg-preview-7.png\",\"width\":632,\"height\":210,\"caption\":\"Domingo Pintors\"},\"image\":{\"@id\":\"https:\\\/\\\/domingopintor.com\\\/#\\\/schema\\\/logo\\\/image\\\/\"}}]}<\/script>\n<!-- \/ Yoast SEO plugin. -->","yoast_head_json":{"title":"Contacte | Domingo Pintors","robots":{"index":"index","follow":"follow","max-snippet":"max-snippet:-1","max-image-preview":"max-image-preview:large","max-video-preview":"max-video-preview:-1"},"canonical":"https:\/\/domingopintor.com\/es\/contacte\/","og_locale":"es_ES","og_type":"article","og_title":"Contacte | Domingo Pintors","og_description":"Possa&#8217;t en Contacte amb Nosaltres! Oferim servei a la zona del Maresme, Barcelona i voltants. Poseu-vos en contacte amb nosaltres per obtenir un pressupost o per a qualsevol consulta. En cas de voler un pressupost, programarem una visita al seu espai per poder fer una estimaci\u00f3 m\u00e9s detallada. Truca&#8217;ns +(34) 607 85 02 41 Correu &hellip; Contacte Leer m\u00e1s &raquo;","og_url":"https:\/\/domingopintor.com\/es\/contacte\/","og_site_name":"Domingo Pintors","article_modified_time":"2025-02-23T16:31:46+00:00","og_image":[{"url":"http:\/\/domingopintor.com\/wp-content\/uploads\/2020\/08\/roofing-service-residential-1024x401.jpg","type":"","width":"","height":""}],"twitter_card":"summary_large_image","twitter_misc":{"Tiempo de lectura":"1 minuto"},"schema":{"@context":"https:\/\/schema.org","@graph":[{"@type":"WebPage","@id":"https:\/\/domingopintor.com\/contacte\/","url":"https:\/\/domingopintor.com\/contacte\/","name":"Contacte | Domingo Pintors","isPartOf":{"@id":"https:\/\/domingopintor.com\/#website"},"primaryImageOfPage":{"@id":"https:\/\/domingopintor.com\/contacte\/#primaryimage"},"image":{"@id":"https:\/\/domingopintor.com\/contacte\/#primaryimage"},"thumbnailUrl":"http:\/\/domingopintor.com\/wp-content\/uploads\/2020\/08\/roofing-service-residential-1024x401.jpg","datePublished":"2020-08-19T08:46:05+00:00","dateModified":"2025-02-23T16:31:46+00:00","breadcrumb":{"@id":"https:\/\/domingopintor.com\/contacte\/#breadcrumb"},"inLanguage":"es","potentialAction":[{"@type":"ReadAction","target":["https:\/\/domingopintor.com\/contacte\/"]}]},{"@type":"ImageObject","inLanguage":"es","@id":"https:\/\/domingopintor.com\/contacte\/#primaryimage","url":"http:\/\/domingopintor.com\/wp-content\/uploads\/2020\/08\/roofing-service-residential-1024x401.jpg","contentUrl":"http:\/\/domingopintor.com\/wp-content\/uploads\/2020\/08\/roofing-service-residential-1024x401.jpg"},{"@type":"BreadcrumbList","@id":"https:\/\/domingopintor.com\/contacte\/#breadcrumb","itemListElement":[{"@type":"ListItem","position":1,"name":"Portada","item":"https:\/\/domingopintor.com\/"},{"@type":"ListItem","position":2,"name":"Contacte"}]},{"@type":"WebSite","@id":"https:\/\/domingopintor.com\/#website","url":"https:\/\/domingopintor.com\/","name":"Domingo Pintors","description":"Pintores des de 1903","publisher":{"@id":"https:\/\/domingopintor.com\/#organization"},"potentialAction":[{"@type":"SearchAction","target":{"@type":"EntryPoint","urlTemplate":"https:\/\/domingopintor.com\/?s={search_term_string}"},"query-input":{"@type":"PropertyValueSpecification","valueRequired":true,"valueName":"search_term_string"}}],"inLanguage":"es"},{"@type":"Organization","@id":"https:\/\/domingopintor.com\/#organization","name":"Domingo Pintors","url":"https:\/\/domingopintor.com\/","logo":{"@type":"ImageObject","inLanguage":"es","@id":"https:\/\/domingopintor.com\/#\/schema\/logo\/image\/","url":"https:\/\/domingopintor.com\/wp-content\/uploads\/2024\/04\/cropped-image-removebg-preview-7.png","contentUrl":"https:\/\/domingopintor.com\/wp-content\/uploads\/2024\/04\/cropped-image-removebg-preview-7.png","width":632,"height":210,"caption":"Domingo Pintors"},"image":{"@id":"https:\/\/domingopintor.com\/#\/schema\/logo\/image\/"}}]}},"_links":{"self":[{"href":"https:\/\/domingopintor.com\/es\/wp-json\/wp\/v2\/pages\/169","targetHints":{"allow":["GET"]}}],"collection":[{"href":"https:\/\/domingopintor.com\/es\/wp-json\/wp\/v2\/pages"}],"about":[{"href":"https:\/\/domingopintor.com\/es\/wp-json\/wp\/v2\/types\/page"}],"author":[{"embeddable":true,"href":"https:\/\/domingopintor.com\/es\/wp-json\/wp\/v2\/users\/1"}],"replies":[{"embeddable":true,"href":"https:\/\/domingopintor.com\/es\/wp-json\/wp\/v2\/comments?post=169"}],"version-history":[{"count":76,"href":"https:\/\/domingopintor.com\/es\/wp-json\/wp\/v2\/pages\/169\/revisions"}],"predecessor-version":[{"id":2420,"href":"https:\/\/domingopintor.com\/es\/wp-json\/wp\/v2\/pages\/169\/revisions\/2420"}],"wp:attachment":[{"href":"https:\/\/domingopintor.com\/es\/wp-json\/wp\/v2\/media?parent=169"}],"curies":[{"name":"wp","href":"https:\/\/api.w.org\/{rel}","templated":true}]}}